{"id":952,"date":"2025-01-12T12:28:47","date_gmt":"2025-01-12T11:28:47","guid":{"rendered":"https:\/\/detchene-eusel-ling.com\/?page_id=952"},"modified":"2026-01-12T18:56:54","modified_gmt":"2026-01-12T17:56:54","slug":"2025-enseignements-gueshe-thuptenla-et-gueshe-sangyela","status":"publish","type":"page","link":"https:\/\/detchene-eusel-ling.com\/index.php\/2025-enseignements-gueshe-thuptenla-et-gueshe-sangyela\/","title":{"rendered":"2025 Gu\u00e9sh\u00e9 ThuptenLa,  Gu\u00e9sh\u00e9 SangyeLa et Gu\u00e9sh\u00e9 Tenzin ChophelLa"},"content":{"rendered":"","protected":true},"excerpt":{"rendered":"","protected":true},"author":2,"featured_media":0,"parent":0,"menu_order":0,"comment_status":"closed","ping_status":"closed","template":"","meta":{"_mc_calendar":[],"footnotes":""},"class_list":["post-952","page","type-page","status-publish","post-password-required","hentry"],"_links":{"self":[{"href":"https:\/\/detchene-eusel-ling.com\/index.php\/wp-json\/wp\/v2\/pages\/952","targetHints":{"allow":["GET"]}}],"collection":[{"href":"https:\/\/detchene-eusel-ling.com\/index.php\/wp-json\/wp\/v2\/pages"}],"about":[{"href":"https:\/\/detchene-eusel-ling.com\/index.php\/wp-json\/wp\/v2\/types\/page"}],"author":[{"embeddable":true,"href":"https:\/\/detchene-eusel-ling.com\/index.php\/wp-json\/wp\/v2\/users\/2"}],"replies":[{"embeddable":true,"href":"https:\/\/detchene-eusel-ling.com\/index.php\/wp-json\/wp\/v2\/comments?post=952"}],"version-history":[{"count":47,"href":"https:\/\/detchene-eusel-ling.com\/index.php\/wp-json\/wp\/v2\/pages\/952\/revisions"}],"predecessor-version":[{"id":1419,"href":"https:\/\/detchene-eusel-ling.com\/index.php\/wp-json\/wp\/v2\/pages\/952\/revisions\/1419"}],"wp:attachment":[{"href":"https:\/\/detchene-eusel-ling.com\/index.php\/wp-json\/wp\/v2\/media?parent=952"}],"curies":[{"name":"wp","href":"https:\/\/api.w.org\/{rel}","templated":true}]}}