{"id":870,"date":"2025-01-11T12:53:29","date_gmt":"2025-01-11T11:53:29","guid":{"rendered":"https:\/\/detchene-eusel-ling.com\/?page_id=870"},"modified":"2025-12-28T15:32:38","modified_gmt":"2025-12-28T14:32:38","slug":"2025-cours-de-tibetain-et-atelier-lecture-de-prieres","status":"publish","type":"page","link":"https:\/\/detchene-eusel-ling.com\/index.php\/2025-cours-de-tibetain-et-atelier-lecture-de-prieres\/","title":{"rendered":"2025 Ateliers : tib\u00e9tain,  lecture de pri\u00e8res et \u00e9tude du Lamrim"},"content":{"rendered":"","protected":true},"excerpt":{"rendered":"","protected":true},"author":2,"featured_media":0,"parent":0,"menu_order":0,"comment_status":"closed","ping_status":"closed","template":"","meta":{"_mc_calendar":[],"footnotes":""},"class_list":["post-870","page","type-page","status-publish","post-password-required","hentry"],"_links":{"self":[{"href":"https:\/\/detchene-eusel-ling.com\/index.php\/wp-json\/wp\/v2\/pages\/870","targetHints":{"allow":["GET"]}}],"collection":[{"href":"https:\/\/detchene-eusel-ling.com\/index.php\/wp-json\/wp\/v2\/pages"}],"about":[{"href":"https:\/\/detchene-eusel-ling.com\/index.php\/wp-json\/wp\/v2\/types\/page"}],"author":[{"embeddable":true,"href":"https:\/\/detchene-eusel-ling.com\/index.php\/wp-json\/wp\/v2\/users\/2"}],"replies":[{"embeddable":true,"href":"https:\/\/detchene-eusel-ling.com\/index.php\/wp-json\/wp\/v2\/comments?post=870"}],"version-history":[{"count":47,"href":"https:\/\/detchene-eusel-ling.com\/index.php\/wp-json\/wp\/v2\/pages\/870\/revisions"}],"predecessor-version":[{"id":1393,"href":"https:\/\/detchene-eusel-ling.com\/index.php\/wp-json\/wp\/v2\/pages\/870\/revisions\/1393"}],"wp:attachment":[{"href":"https:\/\/detchene-eusel-ling.com\/index.php\/wp-json\/wp\/v2\/media?parent=870"}],"curies":[{"name":"wp","href":"https:\/\/api.w.org\/{rel}","templated":true}]}}