{"id":83,"date":"2020-12-23T00:40:02","date_gmt":"2020-12-22T23:40:02","guid":{"rendered":"http:\/\/wp.detchene-eusel-ling.com\/?page_id=83"},"modified":"2020-12-23T03:00:31","modified_gmt":"2020-12-23T02:00:31","slug":"les-enseignants-du-centre","status":"publish","type":"page","link":"https:\/\/detchene-eusel-ling.com\/index.php\/les-enseignants-du-centre\/","title":{"rendered":"Les enseignants du Centre"},"content":{"rendered":"\n<p>Les v\u00e9n\u00e9rables Thoupt\u00e9n et Sangy\u00e9 sont tous deux G\u00e9sh\u00e9 Lharampa, c&rsquo;est-\u00e0-dire docteurs en philosophie bouddhiste, le plus haut grade monastique et ont \u00e9tudi\u00e9 \u00e0 l&rsquo;universit\u00e9 monastique de S\u00e9ra M\u00e9 (en Inde) pendant plus de 20 ans.<\/p>\n\n\n\n<p>Ils vivent en France depuis pr\u00e8s de 20 ans.<\/p>\n\n\n\n<figure class=\"wp-block-image size-large\"><img loading=\"lazy\" decoding=\"async\" width=\"544\" height=\"306\" src=\"http:\/\/wp.detchene-eusel-ling.com\/wp-content\/uploads\/2020\/12\/DSC01510-1-1-1.jpg\" alt=\"\" class=\"wp-image-85\" srcset=\"https:\/\/detchene-eusel-ling.com\/wp-content\/uploads\/2020\/12\/DSC01510-1-1-1.jpg 544w, https:\/\/detchene-eusel-ling.com\/wp-content\/uploads\/2020\/12\/DSC01510-1-1-1-300x169.jpg 300w\" sizes=\"auto, (max-width: 544px) 100vw, 544px\" \/><figcaption>G\u00e9sh\u00e9 Tsultrim Sangy\u00e9<\/figcaption><\/figure>\n\n\n\n<figure class=\"wp-block-image size-large\"><img loading=\"lazy\" decoding=\"async\" width=\"542\" height=\"305\" src=\"http:\/\/wp.detchene-eusel-ling.com\/wp-content\/uploads\/2020\/12\/DSC01426-1.jpg\" alt=\"\" class=\"wp-image-86\" srcset=\"https:\/\/detchene-eusel-ling.com\/wp-content\/uploads\/2020\/12\/DSC01426-1.jpg 542w, https:\/\/detchene-eusel-ling.com\/wp-content\/uploads\/2020\/12\/DSC01426-1-300x169.jpg 300w\" sizes=\"auto, (max-width: 542px) 100vw, 542px\" \/><figcaption>G\u00e9sh\u00e9 Thoupten Tsultrim<\/figcaption><\/figure>\n","protected":false},"excerpt":{"rendered":"<p>Les v\u00e9n\u00e9rables Thoupt\u00e9n et Sangy\u00e9 sont tous deux G\u00e9sh\u00e9 Lharampa, c&rsquo;est-\u00e0-dire docteurs en philosophie bouddhiste, le plus haut grade monastique et ont \u00e9tudi\u00e9 \u00e0 l&rsquo;universit\u00e9 monastique de S\u00e9ra M\u00e9 (en Inde) pendant plus de 20 ans. Ils vivent en France depuis pr\u00e8s de 20 ans.<\/p>\n","protected":false},"author":1,"featured_media":11,"parent":0,"menu_order":0,"comment_status":"closed","ping_status":"closed","template":"","meta":{"_mc_calendar":[],"footnotes":""},"class_list":["post-83","page","type-page","status-publish","has-post-thumbnail","hentry"],"_links":{"self":[{"href":"https:\/\/detchene-eusel-ling.com\/index.php\/wp-json\/wp\/v2\/pages\/83","targetHints":{"allow":["GET"]}}],"collection":[{"href":"https:\/\/detchene-eusel-ling.com\/index.php\/wp-json\/wp\/v2\/pages"}],"about":[{"href":"https:\/\/detchene-eusel-ling.com\/index.php\/wp-json\/wp\/v2\/types\/page"}],"author":[{"embeddable":true,"href":"https:\/\/detchene-eusel-ling.com\/index.php\/wp-json\/wp\/v2\/users\/1"}],"replies":[{"embeddable":true,"href":"https:\/\/detchene-eusel-ling.com\/index.php\/wp-json\/wp\/v2\/comments?post=83"}],"version-history":[{"count":3,"href":"https:\/\/detchene-eusel-ling.com\/index.php\/wp-json\/wp\/v2\/pages\/83\/revisions"}],"predecessor-version":[{"id":146,"href":"https:\/\/detchene-eusel-ling.com\/index.php\/wp-json\/wp\/v2\/pages\/83\/revisions\/146"}],"wp:featuredmedia":[{"embeddable":true,"href":"https:\/\/detchene-eusel-ling.com\/index.php\/wp-json\/wp\/v2\/media\/11"}],"wp:attachment":[{"href":"https:\/\/detchene-eusel-ling.com\/index.php\/wp-json\/wp\/v2\/media?parent=83"}],"curies":[{"name":"wp","href":"https:\/\/api.w.org\/{rel}","templated":true}]}}