{"id":6,"date":"2020-12-22T17:17:30","date_gmt":"2020-12-22T16:17:30","guid":{"rendered":"http:\/\/wp.detchene-eusel-ling.com\/?page_id=6"},"modified":"2026-02-21T14:19:30","modified_gmt":"2026-02-21T13:19:30","slug":"le-nouveau-e-mucem-ouvre-ses-portes-2","status":"publish","type":"page","link":"https:\/\/detchene-eusel-ling.com\/","title":{"rendered":"D\u00e9tch\u00e8ne Eus\u00e9l Ling association bouddhiste tib\u00e9taine"},"content":{"rendered":"\n<figure class=\"wp-block-image size-large\"><img loading=\"lazy\" decoding=\"async\" width=\"769\" height=\"1024\" src=\"https:\/\/detchene-eusel-ling.com\/wp-content\/uploads\/2026\/02\/IMG-20260216-WA0002-769x1024.jpg\" alt=\"\" class=\"wp-image-1454\" srcset=\"https:\/\/detchene-eusel-ling.com\/wp-content\/uploads\/2026\/02\/IMG-20260216-WA0002-769x1024.jpg 769w, https:\/\/detchene-eusel-ling.com\/wp-content\/uploads\/2026\/02\/IMG-20260216-WA0002-225x300.jpg 225w, https:\/\/detchene-eusel-ling.com\/wp-content\/uploads\/2026\/02\/IMG-20260216-WA0002-768x1023.jpg 768w, https:\/\/detchene-eusel-ling.com\/wp-content\/uploads\/2026\/02\/IMG-20260216-WA0002-1153x1536.jpg 1153w, https:\/\/detchene-eusel-ling.com\/wp-content\/uploads\/2026\/02\/IMG-20260216-WA0002-1200x1599.jpg 1200w, https:\/\/detchene-eusel-ling.com\/wp-content\/uploads\/2026\/02\/IMG-20260216-WA0002.jpg 1537w\" sizes=\"auto, (max-width: 769px) 100vw, 769px\" \/><\/figure>\n\n\n\n<div class=\"wp-block-group alignwide has-background-color has-text-color\"><div class=\"wp-block-group__inner-container is-layout-flow wp-block-group-is-layout-flow\">\n<h2 class=\"wp-block-heading has-text-align-center has-primary-color has-text-color\">Pr\u00e9sentation<\/h2>\n<\/div><\/div>\n\n\n\n<div class=\"wp-block-columns alignwide is-layout-flex wp-container-core-columns-is-layout-9d6595d7 wp-block-columns-is-layout-flex\">\n<div class=\"wp-block-column is-layout-flow wp-block-column-is-layout-flow\"><div class=\"wp-block-image\">\n<figure class=\"aligncenter size-full is-resized\"><img loading=\"lazy\" decoding=\"async\" width=\"640\" height=\"360\" src=\"http:\/\/wp.detchene-eusel-ling.com\/wp-content\/uploads\/2020\/12\/DSC01418.jpg\" alt=\"\" class=\"wp-image-36\" style=\"width:580px;height:326px\" srcset=\"https:\/\/detchene-eusel-ling.com\/wp-content\/uploads\/2020\/12\/DSC01418.jpg 640w, https:\/\/detchene-eusel-ling.com\/wp-content\/uploads\/2020\/12\/DSC01418-300x169.jpg 300w\" sizes=\"auto, (max-width: 640px) 100vw, 640px\" \/><figcaption class=\"wp-element-caption\">Le Centre \u00e0 Alfortville (94).<\/figcaption><\/figure><\/div><\/div>\n\n\n\n<div class=\"wp-block-column is-layout-flow wp-block-column-is-layout-flow\">\n<p class=\"has-drop-cap has-text-align-left has-primary-color has-text-color\"><strong>Plac\u00e9 sous l&rsquo;autorit\u00e9 spirituelle du tr\u00e8s V\u00e9n\u00e9rable Kyabdj\u00e9 Gosok Rinpotch\u00e9, l&rsquo;Institut \u00ab\u00a0D\u00e9tch\u00e8ne Eusel Ling\u00a0\u00bb est une Association Cultuelle \u00e0 but non lucratif (loi 1905). Son objet est de mieux faire conna\u00eetre l&rsquo;enseignement du Bouddha Sakyamuni selon la tradition tib\u00e9taine. A cette fin des sessions d&rsquo;\u00e9tude, de r\u00e9flexion et de m\u00e9ditation sont organis\u00e9es pour r\u00e9pondre aux besoins et aspirations de tous, bouddhistes ou non.<\/strong><\/p>\n\n\n\n<p class=\"has-drop-cap has-primary-color has-text-color\"><strong>La participation aux activit\u00e9s de l&rsquo;Association suppose que l&rsquo;on en soit adh\u00e9rent en tant que membre actif ou bienfaiteur, selon les possibilit\u00e9s de chacun.<\/strong><\/p>\n<\/div>\n<\/div>\n\n\n<div class=\"wp-block-image\">\n<figure class=\"aligncenter size-large\"><img loading=\"lazy\" decoding=\"async\" width=\"702\" height=\"960\" src=\"http:\/\/wp.detchene-eusel-ling.com\/wp-content\/uploads\/2020\/12\/GOSOK-RINPOCHE-2017-sera-mey-1.jpg\" alt=\"\" class=\"wp-image-189\" srcset=\"https:\/\/detchene-eusel-ling.com\/wp-content\/uploads\/2020\/12\/GOSOK-RINPOCHE-2017-sera-mey-1.jpg 702w, https:\/\/detchene-eusel-ling.com\/wp-content\/uploads\/2020\/12\/GOSOK-RINPOCHE-2017-sera-mey-1-219x300.jpg 219w\" sizes=\"auto, (max-width: 702px) 100vw, 702px\" \/><figcaption class=\"wp-element-caption\">Son Eminence Jangts\u00e9 Tcheudj\u00e9 Gosok Rinpotch\u00e9<\/figcaption><\/figure><\/div>","protected":false},"excerpt":{"rendered":"<p>Pr\u00e9sentation Plac\u00e9 sous l&rsquo;autorit\u00e9 spirituelle du tr\u00e8s V\u00e9n\u00e9rable Kyabdj\u00e9 Gosok Rinpotch\u00e9, l&rsquo;Institut \u00ab\u00a0D\u00e9tch\u00e8ne Eusel Ling\u00a0\u00bb est une Association Cultuelle \u00e0 but non lucratif (loi 1905). Son objet est de mieux faire conna\u00eetre l&rsquo;enseignement du Bouddha Sakyamuni selon la tradition tib\u00e9taine. A cette fin des sessions d&rsquo;\u00e9tude, de r\u00e9flexion et de m\u00e9ditation sont organis\u00e9es pour r\u00e9pondre [&hellip;]<\/p>\n","protected":false},"author":1,"featured_media":74,"parent":0,"menu_order":0,"comment_status":"closed","ping_status":"closed","template":"","meta":{"_mc_calendar":[],"footnotes":""},"class_list":["post-6","page","type-page","status-publish","has-post-thumbnail","hentry"],"_links":{"self":[{"href":"https:\/\/detchene-eusel-ling.com\/index.php\/wp-json\/wp\/v2\/pages\/6","targetHints":{"allow":["GET"]}}],"collection":[{"href":"https:\/\/detchene-eusel-ling.com\/index.php\/wp-json\/wp\/v2\/pages"}],"about":[{"href":"https:\/\/detchene-eusel-ling.com\/index.php\/wp-json\/wp\/v2\/types\/page"}],"author":[{"embeddable":true,"href":"https:\/\/detchene-eusel-ling.com\/index.php\/wp-json\/wp\/v2\/users\/1"}],"replies":[{"embeddable":true,"href":"https:\/\/detchene-eusel-ling.com\/index.php\/wp-json\/wp\/v2\/comments?post=6"}],"version-history":[{"count":21,"href":"https:\/\/detchene-eusel-ling.com\/index.php\/wp-json\/wp\/v2\/pages\/6\/revisions"}],"predecessor-version":[{"id":1455,"href":"https:\/\/detchene-eusel-ling.com\/index.php\/wp-json\/wp\/v2\/pages\/6\/revisions\/1455"}],"wp:featuredmedia":[{"embeddable":true,"href":"https:\/\/detchene-eusel-ling.com\/index.php\/wp-json\/wp\/v2\/media\/74"}],"wp:attachment":[{"href":"https:\/\/detchene-eusel-ling.com\/index.php\/wp-json\/wp\/v2\/media?parent=6"}],"curies":[{"name":"wp","href":"https:\/\/api.w.org\/{rel}","templated":true}]}}