{"id":496,"date":"2024-02-25T08:48:18","date_gmt":"2024-02-25T07:48:18","guid":{"rendered":"https:\/\/detchene-eusel-ling.com\/?page_id=496"},"modified":"2024-02-25T09:35:58","modified_gmt":"2024-02-25T08:35:58","slug":"tournees-des-moines-de-sera-mey","status":"publish","type":"page","link":"https:\/\/detchene-eusel-ling.com\/index.php\/tournees-des-moines-de-sera-mey\/","title":{"rendered":"Tourn\u00e9es des moines de Sera Mey (acc\u00e8s adh\u00e9rents)"},"content":{"rendered":"","protected":true},"excerpt":{"rendered":"","protected":true},"author":2,"featured_media":0,"parent":0,"menu_order":0,"comment_status":"closed","ping_status":"closed","template":"","meta":{"_mc_calendar":[],"footnotes":""},"class_list":["post-496","page","type-page","status-publish","post-password-required","hentry"],"_links":{"self":[{"href":"https:\/\/detchene-eusel-ling.com\/index.php\/wp-json\/wp\/v2\/pages\/496","targetHints":{"allow":["GET"]}}],"collection":[{"href":"https:\/\/detchene-eusel-ling.com\/index.php\/wp-json\/wp\/v2\/pages"}],"about":[{"href":"https:\/\/detchene-eusel-ling.com\/index.php\/wp-json\/wp\/v2\/types\/page"}],"author":[{"embeddable":true,"href":"https:\/\/detchene-eusel-ling.com\/index.php\/wp-json\/wp\/v2\/users\/2"}],"replies":[{"embeddable":true,"href":"https:\/\/detchene-eusel-ling.com\/index.php\/wp-json\/wp\/v2\/comments?post=496"}],"version-history":[{"count":7,"href":"https:\/\/detchene-eusel-ling.com\/index.php\/wp-json\/wp\/v2\/pages\/496\/revisions"}],"predecessor-version":[{"id":528,"href":"https:\/\/detchene-eusel-ling.com\/index.php\/wp-json\/wp\/v2\/pages\/496\/revisions\/528"}],"wp:attachment":[{"href":"https:\/\/detchene-eusel-ling.com\/index.php\/wp-json\/wp\/v2\/media?parent=496"}],"curies":[{"name":"wp","href":"https:\/\/api.w.org\/{rel}","templated":true}]}}