{"id":477,"date":"2024-02-24T23:07:49","date_gmt":"2024-02-24T22:07:49","guid":{"rendered":"https:\/\/detchene-eusel-ling.com\/?page_id=477"},"modified":"2024-02-24T23:07:49","modified_gmt":"2024-02-24T22:07:49","slug":"bulletin-dadhesion","status":"publish","type":"page","link":"https:\/\/detchene-eusel-ling.com\/index.php\/bulletin-dadhesion\/","title":{"rendered":"Bulletin d&rsquo;adh\u00e9sion"},"content":{"rendered":"\n<p>Pour soutenir les activit\u00e9s du centre et adh\u00e9rer \u00e0 l&rsquo;association, vous pouvez imprimer et compl\u00e9ter le bulletin d&rsquo;adh\u00e9sion 2024 ci-joint :<\/p>\n\n\n\n<p><\/p>\n","protected":false},"excerpt":{"rendered":"<p>Pour soutenir les activit\u00e9s du centre et adh\u00e9rer \u00e0 l&rsquo;association, vous pouvez imprimer et compl\u00e9ter le bulletin d&rsquo;adh\u00e9sion 2024 ci-joint :<\/p>\n","protected":false},"author":2,"featured_media":0,"parent":0,"menu_order":0,"comment_status":"closed","ping_status":"closed","template":"","meta":{"_mc_calendar":[],"footnotes":""},"class_list":["post-477","page","type-page","status-publish","hentry"],"_links":{"self":[{"href":"https:\/\/detchene-eusel-ling.com\/index.php\/wp-json\/wp\/v2\/pages\/477","targetHints":{"allow":["GET"]}}],"collection":[{"href":"https:\/\/detchene-eusel-ling.com\/index.php\/wp-json\/wp\/v2\/pages"}],"about":[{"href":"https:\/\/detchene-eusel-ling.com\/index.php\/wp-json\/wp\/v2\/types\/page"}],"author":[{"embeddable":true,"href":"https:\/\/detchene-eusel-ling.com\/index.php\/wp-json\/wp\/v2\/users\/2"}],"replies":[{"embeddable":true,"href":"https:\/\/detchene-eusel-ling.com\/index.php\/wp-json\/wp\/v2\/comments?post=477"}],"version-history":[{"count":1,"href":"https:\/\/detchene-eusel-ling.com\/index.php\/wp-json\/wp\/v2\/pages\/477\/revisions"}],"predecessor-version":[{"id":479,"href":"https:\/\/detchene-eusel-ling.com\/index.php\/wp-json\/wp\/v2\/pages\/477\/revisions\/479"}],"wp:attachment":[{"href":"https:\/\/detchene-eusel-ling.com\/index.php\/wp-json\/wp\/v2\/media?parent=477"}],"curies":[{"name":"wp","href":"https:\/\/api.w.org\/{rel}","templated":true}]}}