{"id":399,"date":"2024-02-24T19:11:17","date_gmt":"2024-02-24T18:11:17","guid":{"rendered":"https:\/\/detchene-eusel-ling.com\/?page_id=399"},"modified":"2024-11-05T21:27:56","modified_gmt":"2024-11-05T20:27:56","slug":"enseignement-de-kyabe-gosok-rinpoche","status":"publish","type":"page","link":"https:\/\/detchene-eusel-ling.com\/index.php\/enseignement-de-kyabe-gosok-rinpoche\/","title":{"rendered":"Le V\u00e9n\u00e9rable Kyabj\u00e9 Gosok Rinpoche"},"content":{"rendered":"","protected":true},"excerpt":{"rendered":"","protected":true},"author":2,"featured_media":0,"parent":0,"menu_order":0,"comment_status":"closed","ping_status":"closed","template":"","meta":{"_mc_calendar":[],"footnotes":""},"class_list":["post-399","page","type-page","status-publish","post-password-required","hentry"],"_links":{"self":[{"href":"https:\/\/detchene-eusel-ling.com\/index.php\/wp-json\/wp\/v2\/pages\/399","targetHints":{"allow":["GET"]}}],"collection":[{"href":"https:\/\/detchene-eusel-ling.com\/index.php\/wp-json\/wp\/v2\/pages"}],"about":[{"href":"https:\/\/detchene-eusel-ling.com\/index.php\/wp-json\/wp\/v2\/types\/page"}],"author":[{"embeddable":true,"href":"https:\/\/detchene-eusel-ling.com\/index.php\/wp-json\/wp\/v2\/users\/2"}],"replies":[{"embeddable":true,"href":"https:\/\/detchene-eusel-ling.com\/index.php\/wp-json\/wp\/v2\/comments?post=399"}],"version-history":[{"count":14,"href":"https:\/\/detchene-eusel-ling.com\/index.php\/wp-json\/wp\/v2\/pages\/399\/revisions"}],"predecessor-version":[{"id":974,"href":"https:\/\/detchene-eusel-ling.com\/index.php\/wp-json\/wp\/v2\/pages\/399\/revisions\/974"}],"wp:attachment":[{"href":"https:\/\/detchene-eusel-ling.com\/index.php\/wp-json\/wp\/v2\/media?parent=399"}],"curies":[{"name":"wp","href":"https:\/\/api.w.org\/{rel}","templated":true}]}}