{"id":306,"date":"2024-02-24T17:15:56","date_gmt":"2024-02-24T16:15:56","guid":{"rendered":"https:\/\/detchene-eusel-ling.com\/?page_id=306"},"modified":"2025-03-09T14:20:45","modified_gmt":"2025-03-09T13:20:45","slug":"videos-2021-geshe-thuptenla-et-geshe-sangyela","status":"publish","type":"page","link":"https:\/\/detchene-eusel-ling.com\/index.php\/videos-2021-geshe-thuptenla-et-geshe-sangyela\/","title":{"rendered":"2021 : G\u00e9sh\u00e9 Thupten La et G\u00e9sh\u00e9 Sangye La"},"content":{"rendered":"","protected":true},"excerpt":{"rendered":"","protected":true},"author":2,"featured_media":0,"parent":0,"menu_order":0,"comment_status":"closed","ping_status":"closed","template":"","meta":{"_mc_calendar":[],"footnotes":""},"class_list":["post-306","page","type-page","status-publish","post-password-required","hentry"],"_links":{"self":[{"href":"https:\/\/detchene-eusel-ling.com\/index.php\/wp-json\/wp\/v2\/pages\/306","targetHints":{"allow":["GET"]}}],"collection":[{"href":"https:\/\/detchene-eusel-ling.com\/index.php\/wp-json\/wp\/v2\/pages"}],"about":[{"href":"https:\/\/detchene-eusel-ling.com\/index.php\/wp-json\/wp\/v2\/types\/page"}],"author":[{"embeddable":true,"href":"https:\/\/detchene-eusel-ling.com\/index.php\/wp-json\/wp\/v2\/users\/2"}],"replies":[{"embeddable":true,"href":"https:\/\/detchene-eusel-ling.com\/index.php\/wp-json\/wp\/v2\/comments?post=306"}],"version-history":[{"count":33,"href":"https:\/\/detchene-eusel-ling.com\/index.php\/wp-json\/wp\/v2\/pages\/306\/revisions"}],"predecessor-version":[{"id":1035,"href":"https:\/\/detchene-eusel-ling.com\/index.php\/wp-json\/wp\/v2\/pages\/306\/revisions\/1035"}],"wp:attachment":[{"href":"https:\/\/detchene-eusel-ling.com\/index.php\/wp-json\/wp\/v2\/media?parent=306"}],"curies":[{"name":"wp","href":"https:\/\/api.w.org\/{rel}","templated":true}]}}