{"id":2,"date":"2020-12-22T16:45:25","date_gmt":"2020-12-22T15:45:25","guid":{"rendered":"http:\/\/wp.detchene-eusel-ling.com\/?page_id=2"},"modified":"2024-03-05T17:58:57","modified_gmt":"2024-03-05T16:58:57","slug":"page-d-exemple","status":"publish","type":"page","link":"https:\/\/detchene-eusel-ling.com\/index.php\/page-d-exemple\/","title":{"rendered":"Activit\u00e9s"},"content":{"rendered":"\n<ul class=\"wp-block-list\">\n<li><a href=\"#session\"><strong>SESSIONS <\/strong><\/a>\n<ul class=\"wp-block-list\">\n<li><strong><a href=\"#teach\">SESSIONS DU DIMANCHE<\/a><\/strong><\/li>\n\n\n\n<li><strong><a href=\"#shine\">MEDITATION CALME MENTAL<\/a><\/strong><\/li>\n\n\n\n<li><strong><a href=\"#analyse\">MEDITATION ANALYTIQUES<\/a><\/strong><\/li>\n<\/ul>\n<\/li>\n\n\n\n<li><strong><a href=\"#sadhana\">PRIERES<\/a><\/strong><\/li>\n\n\n\n<li><\/li>\n<\/ul>\n\n\n\n<h3 class=\"wp-block-heading\" id=\"session\">SESSIONS<\/h3>\n\n\n<div class=\"wp-block-image\">\n<figure class=\"aligncenter size-large is-resized\"><img loading=\"lazy\" decoding=\"async\" width=\"189\" height=\"172\" src=\"http:\/\/wp.detchene-eusel-ling.com\/wp-content\/uploads\/2020\/12\/geste-tourner-la-roue-du-dharma-1.gif\" alt=\"\" class=\"wp-image-130\" style=\"width:302px;height:275px\"\/><\/figure><\/div>\n\n\n<p>Les sessions permettent de d\u00e9couvrir ou d&rsquo;approfondir les m\u00e9thodes propos\u00e9es par le Bouddha Shakyamouni afin, par une plus grande ma\u00eetrise de l&rsquo;esprit, d&rsquo;\u00e9chapper \u00e0 la souffrance et d&rsquo;acc\u00e9der au bonheur. Elles sont dirig\u00e9es par deux moines : Gu\u00e9sh\u00e9 Thupt\u00e8n Tsultrim et Gu\u00e9sh\u00e9 Tsultrim Sangye, Docteurs en philosophie dipl\u00f4m\u00e9s de l&rsquo;Universit\u00e9 Monastique de S\u00e9ra.\u00a0\u00a0<br>Des r\u00e9unions sp\u00e9cifiques sont organis\u00e9es par ailleurs en fonction du calendrier religieux : comm\u00e9moration d&rsquo;\u00e9v\u00e8nements importants de la vie du Bouddha, rituels d&rsquo;offrandes, etc.<\/p>\n\n\n\n<h4 class=\"wp-block-heading\" id=\"teach\">SESSIONS DU DIMANCHE<\/h4>\n\n\n\n<p><strong>10h30 sur zoom certains dimanches<br><\/strong>lien sur demande \u00e0 del.secretariat@free.fr<\/p>\n\n\n\n<h4 class=\"wp-block-heading\">SESSIONS DU  VENDREDI<\/h4>\n\n\n\n<p>\u00e0 19h00 sur zoom (lien sur demande \u00e0 del.secretariat@free.fr<\/p>\n\n\n\n<p>M\u00e9ditations Calme Mental ou M\u00e9ditations Analytiques ou pri\u00e8res \u00e0 19h00 sur zoom (selon calendrier)<\/p>\n\n\n\n<h5 class=\"wp-block-heading\" id=\"shine\">M\u00e9ditations du Calme Mental<\/h5>\n\n\n\n<p>Accessibles \u00e0 tous, ces s\u00e9ances de m\u00e9ditations silencieuses sont entrecoup\u00e9es de courtes pauses. Des explications sont donn\u00e9es avant chaque s\u00e9ance.<\/p>\n\n\n\n<h5 class=\"wp-block-heading\" id=\"analyse\">M\u00e9ditations Analytiques du Lam Rim<\/h5>\n\n\n\n<p>Le Lam Rim ou Etapes de la Voie est un ensemble de m\u00e9ditations qui vise \u00e0 conduire \u00e0 l&rsquo;\u00e9veil d&rsquo;un Bouddha par une transformation progressive de l&rsquo;esprit par le d\u00e9veloppement des qualit\u00e9s int\u00e9rieures (sagesse, amour &#8230;) et l&rsquo;\u00e9limination des perturbations mentales (col\u00e8re, convoitise, jalousie &#8230;). On m\u00e9dite ainsi par exemple l&rsquo;impermanence et la mort, la grande compassion, l&rsquo;interd\u00e9pendance, la patience etc &#8230; On parle de m\u00e9ditations analytiques car elles font appel \u00e0 la capacit\u00e9 de r\u00e9flexion et d&rsquo;analyse.<\/p>\n\n\n\n<h5 class=\"wp-block-heading\" id=\"sadhana\">Pri\u00e8res<\/h5>\n\n\n\n<p>R\u00e9citation de textes rituels invoquant en alternance :<\/p>\n\n\n\n<ul class=\"wp-block-list\">\n<li><strong>Arya Avalokiteshvara<\/strong>&nbsp;(<em>Ch\u00e8nr\u00e9zi<\/em>&nbsp;en Tib\u00e9tain), est la personnification de la compassion de tous les Bouddhas des dix directions. L\u2019invoquer avec ferveur et lui pr\u00e9senter des offrandes permet de d\u00e9velopper rapidement amour et compassion.<\/li>\n<\/ul>\n\n\n<div class=\"wp-block-image\">\n<figure class=\"aligncenter size-large\"><img loading=\"lazy\" decoding=\"async\" width=\"372\" height=\"390\" src=\"http:\/\/wp.detchene-eusel-ling.com\/wp-content\/uploads\/2020\/12\/chenriz.jpg\" alt=\"\" class=\"wp-image-133\" srcset=\"https:\/\/detchene-eusel-ling.com\/wp-content\/uploads\/2020\/12\/chenriz.jpg 372w, https:\/\/detchene-eusel-ling.com\/wp-content\/uploads\/2020\/12\/chenriz-286x300.jpg 286w\" sizes=\"auto, (max-width: 372px) 100vw, 372px\" \/><\/figure><\/div>\n\n\n<ul class=\"wp-block-list\">\n<li><strong>Tara<\/strong>\u00a0(<em>Dreulma<\/em>\u00a0en Tib\u00e9tain). Comme il est dit dans cet extrait: \u00ab Par le pouvoir des louanges et des requ\u00eates qui vous sont adress\u00e9es, puissent moi-m\u00eame ainsi que tous les \u00eatres des dix directions, \u00eatre lib\u00e9r\u00e9s des maladies, de la pauvret\u00e9 et des conflits, et puissent le Dharma et tout ce qui est propice s\u2019accro\u00eetre \u00bb TARA est la personnification de l\u2019activit\u00e9 de tous les Bouddhas des trois temps. Son activit\u00e9 est tr\u00e8s rapide et lui adresser des requ\u00eates ferventes permet la r\u00e9alisation sans obstacles de tous les souhaits. <\/li>\n<\/ul>\n\n\n<div class=\"wp-block-image\">\n<figure class=\"aligncenter size-large\"><img loading=\"lazy\" decoding=\"async\" width=\"800\" height=\"600\" src=\"http:\/\/wp.detchene-eusel-ling.com\/wp-content\/uploads\/2020\/12\/tara2.jpg\" alt=\"\" class=\"wp-image-134\" srcset=\"https:\/\/detchene-eusel-ling.com\/wp-content\/uploads\/2020\/12\/tara2.jpg 800w, https:\/\/detchene-eusel-ling.com\/wp-content\/uploads\/2020\/12\/tara2-300x225.jpg 300w, https:\/\/detchene-eusel-ling.com\/wp-content\/uploads\/2020\/12\/tara2-768x576.jpg 768w\" sizes=\"auto, (max-width: 800px) 100vw, 800px\" \/><\/figure><\/div>\n\n\n<ul class=\"wp-block-list\">\n<li><strong>Les huit Bouddhas de M\u00e9decine<\/strong>&nbsp;(<em>Sangy\u00e9 Menla<\/em>). Comme il est dit dans cet extrait: \u00ab Bouddha dont la compassion est \u00e9gale pour tous les \u00eatres, dont la seule audition du nom \u00e9limine les souffrances des \u00e9tats infortun\u00e9s, O Bouddha de m\u00e9decine qui \u00e9liminez la maladie des trois poisons, je me prosterne devant la lumi\u00e8re de Lapiz Lazuli \u00bb, la simple audition du nom du Bouddha de m\u00e9decine lib\u00e8re des renaissances infortun\u00e9es les \u00eatres dont la vie est termin\u00e9e et lib\u00e8re les autres \u00eatres de la maladie des trois poisons et de toutes les maladies en g\u00e9n\u00e9ral. La pratique consiste \u00e0 invoquer ce bouddha, tout en lui pr\u00e9sentant des offrandes, etc.<\/li>\n\n\n\n<li><strong>Dj\u00e9 Tsong Khapa<\/strong>, fondateur de l&rsquo;\u00e9cole Gu\u00e9lougpa, au travers de son Gourou Yoga intitul\u00e9 : L&rsquo;Assembl\u00e9e des Cent D\u00e9it\u00e9s de Toushita, la Terre Joyeuse (<em>Gand\u00e8n Lha Gyama<\/em>\u00a0en Tib\u00e9tain). La pratique du Gourou Yoga du Gand\u00e8n Lha Gyama permet de purifier les voiles. <\/li>\n\n\n\n<li><strong>Vajrasattva<\/strong><\/li>\n<\/ul>\n\n\n\n<p><\/p>\n\n\n\n<h4 class=\"wp-block-heading\" id=\"TAI\"><\/h4>\n\n\n\n<p><\/p>\n\n\n\n<p><\/p>\n\n\n\n<p><\/p>\n","protected":false},"excerpt":{"rendered":"<p>SESSIONS Les sessions permettent de d\u00e9couvrir ou d&rsquo;approfondir les m\u00e9thodes propos\u00e9es par le Bouddha Shakyamouni afin, par une plus grande ma\u00eetrise de l&rsquo;esprit, d&rsquo;\u00e9chapper \u00e0 la souffrance et d&rsquo;acc\u00e9der au bonheur. Elles sont dirig\u00e9es par deux moines : Gu\u00e9sh\u00e9 Thupt\u00e8n Tsultrim et Gu\u00e9sh\u00e9 Tsultrim Sangye, Docteurs en philosophie dipl\u00f4m\u00e9s de l&rsquo;Universit\u00e9 Monastique de S\u00e9ra.\u00a0\u00a0Des r\u00e9unions [&hellip;]<\/p>\n","protected":false},"author":1,"featured_media":11,"parent":0,"menu_order":0,"comment_status":"closed","ping_status":"open","template":"","meta":{"_mc_calendar":[],"footnotes":""},"class_list":["post-2","page","type-page","status-publish","has-post-thumbnail","hentry"],"_links":{"self":[{"href":"https:\/\/detchene-eusel-ling.com\/index.php\/wp-json\/wp\/v2\/pages\/2","targetHints":{"allow":["GET"]}}],"collection":[{"href":"https:\/\/detchene-eusel-ling.com\/index.php\/wp-json\/wp\/v2\/pages"}],"about":[{"href":"https:\/\/detchene-eusel-ling.com\/index.php\/wp-json\/wp\/v2\/types\/page"}],"author":[{"embeddable":true,"href":"https:\/\/detchene-eusel-ling.com\/index.php\/wp-json\/wp\/v2\/users\/1"}],"replies":[{"embeddable":true,"href":"https:\/\/detchene-eusel-ling.com\/index.php\/wp-json\/wp\/v2\/comments?post=2"}],"version-history":[{"count":14,"href":"https:\/\/detchene-eusel-ling.com\/index.php\/wp-json\/wp\/v2\/pages\/2\/revisions"}],"predecessor-version":[{"id":589,"href":"https:\/\/detchene-eusel-ling.com\/index.php\/wp-json\/wp\/v2\/pages\/2\/revisions\/589"}],"wp:featuredmedia":[{"embeddable":true,"href":"https:\/\/detchene-eusel-ling.com\/index.php\/wp-json\/wp\/v2\/media\/11"}],"wp:attachment":[{"href":"https:\/\/detchene-eusel-ling.com\/index.php\/wp-json\/wp\/v2\/media?parent=2"}],"curies":[{"name":"wp","href":"https:\/\/api.w.org\/{rel}","templated":true}]}}